{"id":4215,"date":"2025-09-24T14:09:16","date_gmt":"2025-09-24T14:09:16","guid":{"rendered":"https:\/\/madeirainvestment.org\/carrinho\/"},"modified":"2025-12-23T19:57:25","modified_gmt":"2025-12-23T19:57:25","slug":"carrinho","status":"publish","type":"page","link":"https:\/\/madeirainvestment.org\/en\/carrinho\/","title":{"rendered":"Carrinho"},"content":{"rendered":"<div data-block-name=\"woocommerce\/cart\" class=\"wp-block-woocommerce-cart alignwide is-loading\">\n<div data-block-name=\"woocommerce\/filled-cart-block\" class=\"wp-block-woocommerce-filled-cart-block\">\n<div data-block-name=\"woocommerce\/cart-items-block\" class=\"wp-block-woocommerce-cart-items-block\">\n<div data-block-name=\"woocommerce\/cart-line-items-block\" class=\"wp-block-woocommerce-cart-line-items-block\"><\/div>\n\n\n<\/div>\n\n\n\n\n<div data-block-name=\"woocommerce\/cart-totals-block\" class=\"wp-block-woocommerce-cart-totals-block\">\n<div data-block-name=\"woocommerce\/cart-order-summary-block\" class=\"wp-block-woocommerce-cart-order-summary-block\">\n<div data-block-name=\"woocommerce\/cart-order-summary-heading-block\" class=\"wp-block-woocommerce-cart-order-summary-heading-block\"><\/div><div data-block-name=\"woocommerce\/cart-order-summary-coupon-form-block\" class=\"wp-block-woocommerce-cart-order-summary-coupon-form-block\"><\/div><div data-block-name=\"woocommerce\/cart-order-summary-totals-block\" class=\"wp-block-woocommerce-cart-order-summary-totals-block\">\n<div data-block-name=\"woocommerce\/cart-order-summary-subtotal-block\" class=\"wp-block-woocommerce-cart-order-summary-subtotal-block\"><\/div>\n<div data-block-name=\"woocommerce\/cart-order-summary-discount-block\" class=\"wp-block-woocommerce-cart-order-summary-discount-block\"><\/div>\n<div data-block-name=\"woocommerce\/cart-order-summary-fee-block\" class=\"wp-block-woocommerce-cart-order-summary-fee-block\"><\/div>\n<div data-block-name=\"woocommerce\/cart-order-summary-shipping-block\" class=\"wp-block-woocommerce-cart-order-summary-shipping-block\"><\/div>\n<div data-block-name=\"woocommerce\/cart-order-summary-taxes-block\" class=\"wp-block-woocommerce-cart-order-summary-taxes-block\"><\/div><\/div>\n<\/div>\n\n\n\n<div data-block-name=\"woocommerce\/cart-express-payment-block\" class=\"wp-block-woocommerce-cart-express-payment-block\"><\/div>\n\n\n\n<div data-block-name=\"woocommerce\/proceed-to-checkout-block\" class=\"wp-block-woocommerce-proceed-to-checkout-block\"><\/div>\n\n\n\n<div data-block-name=\"woocommerce\/cart-accepted-payment-methods-block\" class=\"wp-block-woocommerce-cart-accepted-payment-methods-block\"><\/div>\n<\/div>\n<\/div>\n\n\n\n<div data-block-name=\"woocommerce\/empty-cart-block\" class=\"wp-block-woocommerce-empty-cart-block\">\n<h2 class=\"wp-block-heading has-text-align-center with-empty-cart-icon wc-block-cart__empty-cart__title\">O seu carrinho est\u00e1 vazio!<\/h2>\n\n\n\n<hr class=\"wp-block-separator has-alpha-channel-opacity is-style-dots\"\/>\n\n\n\n<h2 class=\"wp-block-heading has-text-align-center\">Novo na loja<\/h2>\n\n\n<div data-block-name=\"woocommerce\/product-new\" data-columns=\"4\" data-rows=\"1\" class=\"wc-block-grid wp-block-product-new wp-block-woocommerce-product-new wc-block-product-new has-4-columns\"><ul class=\"wc-block-grid__products\"><li class=\"wc-block-grid__product\">\n\t\t\t\t<a href=\"https:\/\/madeirainvestment.org\/en\/product\/programa-de-soft-landing-para-freelancers-e-nomadas-digitais\/\" class=\"wc-block-grid__product-link\">\n\t\t\t\t\t\n\t\t\t\t\t<div class=\"wc-block-grid__product-image\"><img loading=\"lazy\" decoding=\"async\" width=\"300\" height=\"300\" src=\"https:\/\/madeirainvestment.org\/wp-content\/uploads\/2026\/02\/Nomadas_Digitales_746x419-300x300.jpg\" class=\"attachment-woocommerce_thumbnail size-woocommerce_thumbnail\" alt=\"Programa de Soft Landing para Freelancers e N\u00f3madas Digitais\" \/><\/div>\n\t\t\t\t\t<div class=\"wc-block-grid__product-title\">Programa de Soft Landing para Freelancers e N\u00f3madas Digitais<\/div>\n\t\t\t\t<\/a>\n\t\t\t\t<div class=\"wc-block-grid__product-price price\"><span class=\"woocommerce-Price-amount amount\">1.800,00<span class=\"woocommerce-Price-currencySymbol\">&euro;<\/span><\/span><\/div>\n\t\t\t\t\n\t\t\t\t<div class=\"wp-block-button wc-block-grid__product-add-to-cart\"><a href=\"\/en\/wp-json\/wp\/v2\/pages\/4215?add-to-cart=4587\" aria-label=\"Add to cart: \u201cPrograma de Soft Landing para Freelancers e N\u00f3madas Digitais\u201d\" data-quantity=\"1\" data-product_id=\"4587\" data-product_sku=\"\" data-price=\"1800\" rel=\"nofollow\" class=\"wp-block-button__link  add_to_cart_button ajax_add_to_cart\" data-no-translation=\"\" data-trp-gettext=\"\" data-no-translation-aria-label=\"\">Add to cart<\/a><\/div>\n\t\t\t<\/li><li class=\"wc-block-grid__product\">\n\t\t\t\t<a href=\"https:\/\/madeirainvestment.org\/en\/product\/servico-de-otimizacao-fiscal-e-planeamento-internacional\/\" class=\"wc-block-grid__product-link\">\n\t\t\t\t\t\n\t\t\t\t\t<div class=\"wc-block-grid__product-image\"><img loading=\"lazy\" decoding=\"async\" width=\"300\" height=\"300\" src=\"https:\/\/madeirainvestment.org\/wp-content\/uploads\/2026\/02\/optimizacao_fiscal_internacional_RT.20151001124210PEi1Xj-300x300.jpg\" class=\"attachment-woocommerce_thumbnail size-woocommerce_thumbnail\" alt=\"Servi\u00e7o de Otimiza\u00e7\u00e3o Fiscal e Planeamento Internacional\" \/><\/div>\n\t\t\t\t\t<div class=\"wc-block-grid__product-title\">Servi\u00e7o de Otimiza\u00e7\u00e3o Fiscal e Planeamento Internacional<\/div>\n\t\t\t\t<\/a>\n\t\t\t\t<div class=\"wc-block-grid__product-price price\"><span class=\"woocommerce-Price-amount amount\">3.000,00<span class=\"woocommerce-Price-currencySymbol\">&euro;<\/span><\/span><\/div>\n\t\t\t\t\n\t\t\t\t<div class=\"wp-block-button wc-block-grid__product-add-to-cart\"><a href=\"\/en\/wp-json\/wp\/v2\/pages\/4215?add-to-cart=4585\" aria-label=\"Add to cart: \u201cServi\u00e7o de Otimiza\u00e7\u00e3o Fiscal e Planeamento Internacional\u201d\" data-quantity=\"1\" data-product_id=\"4585\" data-product_sku=\"\" data-price=\"3000\" rel=\"nofollow\" class=\"wp-block-button__link  add_to_cart_button ajax_add_to_cart\" data-no-translation=\"\" data-trp-gettext=\"\" data-no-translation-aria-label=\"\">Add to cart<\/a><\/div>\n\t\t\t<\/li><li class=\"wc-block-grid__product\">\n\t\t\t\t<a href=\"https:\/\/madeirainvestment.org\/en\/product\/elaboracao-de-candidaturas-acesso-a-investimento-e-fundos-europeus\/\" class=\"wc-block-grid__product-link\">\n\t\t\t\t\t\n\t\t\t\t\t<div class=\"wc-block-grid__product-image\"><img loading=\"lazy\" decoding=\"async\" width=\"300\" height=\"300\" src=\"https:\/\/madeirainvestment.org\/wp-content\/uploads\/2026\/02\/68-O-que-e-planejamento-e-para-que-serve_-300x300.webp\" class=\"attachment-woocommerce_thumbnail size-woocommerce_thumbnail\" alt=\"Elabora\u00e7\u00e3o de candidaturas - Acesso a Investimento e Fundos Europeus\" \/><\/div>\n\t\t\t\t\t<div class=\"wc-block-grid__product-title\">Elabora\u00e7\u00e3o de candidaturas &#8211; Acesso a Investimento e Fundos Europeus<\/div>\n\t\t\t\t<\/a>\n\t\t\t\t<div class=\"wc-block-grid__product-price price\"><span class=\"woocommerce-Price-amount amount\">2.000,00<span class=\"woocommerce-Price-currencySymbol\">&euro;<\/span><\/span><\/div>\n\t\t\t\t\n\t\t\t\t<div class=\"wp-block-button wc-block-grid__product-add-to-cart\"><a href=\"\/en\/wp-json\/wp\/v2\/pages\/4215?add-to-cart=4583\" aria-label=\"Add to cart: \u201cElabora\u00e7\u00e3o de candidaturas - Acesso a Investimento e Fundos Europeus\u201d\" data-quantity=\"1\" data-product_id=\"4583\" data-product_sku=\"\" data-price=\"2000\" rel=\"nofollow\" class=\"wp-block-button__link  add_to_cart_button ajax_add_to_cart\" data-no-translation=\"\" data-trp-gettext=\"\" data-no-translation-aria-label=\"\">Add to cart<\/a><\/div>\n\t\t\t<\/li><li class=\"wc-block-grid__product\">\n\t\t\t\t<a href=\"https:\/\/madeirainvestment.org\/en\/product\/lead-generation-contrato-mensal\/\" class=\"wc-block-grid__product-link\">\n\t\t\t\t\t\n\t\t\t\t\t<div class=\"wc-block-grid__product-image\"><img loading=\"lazy\" decoding=\"async\" width=\"300\" height=\"300\" src=\"https:\/\/madeirainvestment.org\/wp-content\/uploads\/2026\/02\/internacionalizacao-1024x685-1-300x300.jpg\" class=\"attachment-woocommerce_thumbnail size-woocommerce_thumbnail\" alt=\"Servi\u00e7o de Entrada e Estrutura\u00e7\u00e3o de Empresas na Europa\" \/><\/div>\n\t\t\t\t\t<div class=\"wc-block-grid__product-title\">Servi\u00e7o de Entrada e Estrutura\u00e7\u00e3o de Empresas na Europa<\/div>\n\t\t\t\t<\/a>\n\t\t\t\t<div class=\"wc-block-grid__product-price price\"><span class=\"woocommerce-Price-amount amount\">5.000,00<span class=\"woocommerce-Price-currencySymbol\">&euro;<\/span><\/span><\/div>\n\t\t\t\t\n\t\t\t\t<div class=\"wp-block-button wc-block-grid__product-add-to-cart\"><a href=\"\/en\/wp-json\/wp\/v2\/pages\/4215?add-to-cart=4580\" aria-label=\"Add to cart: \u201cServi\u00e7o de Entrada e Estrutura\u00e7\u00e3o de Empresas na Europa\u201d\" data-quantity=\"1\" data-product_id=\"4580\" data-product_sku=\"\" data-price=\"5000\" rel=\"nofollow\" class=\"wp-block-button__link  add_to_cart_button ajax_add_to_cart\" data-no-translation=\"\" data-trp-gettext=\"\" data-no-translation-aria-label=\"\">Add to cart<\/a><\/div>\n\t\t\t<\/li><\/ul><\/div><\/div>\n<\/div>","protected":false},"excerpt":{"rendered":"","protected":false},"author":1,"featured_media":0,"parent":0,"menu_order":0,"comment_status":"closed","ping_status":"closed","template":"","meta":{"_et_pb_use_builder":"","_et_pb_old_content":"","_et_gb_content_width":"","content-type":"","footnotes":""},"class_list":["post-4215","page","type-page","status-publish","hentry"],"aioseo_notices":[],"_links":{"self":[{"href":"https:\/\/madeirainvestment.org\/en\/wp-json\/wp\/v2\/pages\/4215","targetHints":{"allow":["GET"]}}],"collection":[{"href":"https:\/\/madeirainvestment.org\/en\/wp-json\/wp\/v2\/pages"}],"about":[{"href":"https:\/\/madeirainvestment.org\/en\/wp-json\/wp\/v2\/types\/page"}],"author":[{"embeddable":true,"href":"https:\/\/madeirainvestment.org\/en\/wp-json\/wp\/v2\/users\/1"}],"replies":[{"embeddable":true,"href":"https:\/\/madeirainvestment.org\/en\/wp-json\/wp\/v2\/comments?post=4215"}],"version-history":[{"count":1,"href":"https:\/\/madeirainvestment.org\/en\/wp-json\/wp\/v2\/pages\/4215\/revisions"}],"predecessor-version":[{"id":4472,"href":"https:\/\/madeirainvestment.org\/en\/wp-json\/wp\/v2\/pages\/4215\/revisions\/4472"}],"wp:attachment":[{"href":"https:\/\/madeirainvestment.org\/en\/wp-json\/wp\/v2\/media?parent=4215"}],"curies":[{"name":"wp","href":"https:\/\/api.w.org\/{rel}","templated":true}]}}