{"id":4580,"date":"2026-02-05T11:54:14","date_gmt":"2026-02-05T11:54:14","guid":{"rendered":"https:\/\/madeirainvestment.org\/?post_type=product&#038;p=4580"},"modified":"2026-02-05T17:04:58","modified_gmt":"2026-02-05T17:04:58","slug":"lead-generation-contrato-mensal","status":"publish","type":"product","link":"https:\/\/madeirainvestment.org\/en\/product\/lead-generation-contrato-mensal\/","title":{"rendered":"Servi\u00e7o de Entrada e Estrutura\u00e7\u00e3o de Empresas na Europa"},"content":{"rendered":"<h3 data-start=\"699\" data-end=\"712\">O que \u00e9<\/h3>\n<p data-start=\"713\" data-end=\"820\">Servi\u00e7o completo para empresas e startups que pretendem operar legalmente em Portugal ou na Uni\u00e3o Europeia.<\/p>\n<ul data-start=\"839\" data-end=\"1014\">\n<li data-start=\"839\" data-end=\"876\">\n<p data-start=\"841\" data-end=\"876\">Constitui\u00e7\u00e3o de empresa ou filial<\/p>\n<\/li>\n<li data-start=\"877\" data-end=\"908\">\n<p data-start=\"879\" data-end=\"908\">Estrutura\u00e7\u00e3o legal e fiscal<\/p>\n<\/li>\n<li data-start=\"909\" data-end=\"942\">\n<p data-start=\"911\" data-end=\"942\">Instala\u00e7\u00e3o de sede e opera\u00e7\u00e3o<\/p>\n<\/li>\n<li data-start=\"943\" data-end=\"974\">\n<p data-start=\"945\" data-end=\"974\">Apoio na cria\u00e7\u00e3o de equipas<\/p>\n<\/li>\n<li data-start=\"975\" data-end=\"1014\">\n<p data-start=\"977\" data-end=\"1014\">Planeamento estrat\u00e9gico de expans\u00e3o<\/p>\n<\/li>\n<\/ul>","protected":false},"excerpt":{"rendered":"<h3 data-start=\"699\" data-end=\"712\">O que \u00e9<\/h3>\n<p data-start=\"713\" data-end=\"820\">Servi\u00e7o completo para empresas e startups que pretendem operar legalmente em Portugal ou na Uni\u00e3o Europeia.<\/p>\n<ul data-start=\"839\" data-end=\"1014\">\n<li data-start=\"839\" data-end=\"876\">\n<p data-start=\"841\" data-end=\"876\">Constitui\u00e7\u00e3o de empresa ou filial<\/p>\n<\/li>\n<li data-start=\"877\" data-end=\"908\">\n<p data-start=\"879\" data-end=\"908\">Estrutura\u00e7\u00e3o legal e fiscal<\/p>\n<\/li>\n<li data-start=\"909\" data-end=\"942\">\n<p data-start=\"911\" data-end=\"942\">Instala\u00e7\u00e3o de sede e opera\u00e7\u00e3o<\/p>\n<\/li>\n<li data-start=\"943\" data-end=\"974\">\n<p data-start=\"945\" data-end=\"974\">Apoio na cria\u00e7\u00e3o de equipas<\/p>\n<\/li>\n<li data-start=\"975\" data-end=\"1014\">\n<p data-start=\"977\" data-end=\"1014\">Planeamento estrat\u00e9gico de expans\u00e3o<\/p>\n<\/li>\n<\/ul>","protected":false},"featured_media":4582,"template":"","meta":{"_et_pb_use_builder":"","_et_pb_old_content":"","_et_gb_content_width":"","content-type":""},"product_brand":[],"product_cat":[48],"product_tag":[],"class_list":{"0":"post-4580","1":"product","2":"type-product","3":"status-publish","4":"has-post-thumbnail","6":"product_cat-sem-categoria","8":"first","9":"instock","10":"virtual","11":"taxable","12":"purchasable","13":"product-type-simple"},"aioseo_notices":[],"_links":{"self":[{"href":"https:\/\/madeirainvestment.org\/en\/wp-json\/wp\/v2\/product\/4580","targetHints":{"allow":["GET"]}}],"collection":[{"href":"https:\/\/madeirainvestment.org\/en\/wp-json\/wp\/v2\/product"}],"about":[{"href":"https:\/\/madeirainvestment.org\/en\/wp-json\/wp\/v2\/types\/product"}],"wp:featuredmedia":[{"embeddable":true,"href":"https:\/\/madeirainvestment.org\/en\/wp-json\/wp\/v2\/media\/4582"}],"wp:attachment":[{"href":"https:\/\/madeirainvestment.org\/en\/wp-json\/wp\/v2\/media?parent=4580"}],"wp:term":[{"taxonomy":"product_brand","embeddable":true,"href":"https:\/\/madeirainvestment.org\/en\/wp-json\/wp\/v2\/product_brand?post=4580"},{"taxonomy":"product_cat","embeddable":true,"href":"https:\/\/madeirainvestment.org\/en\/wp-json\/wp\/v2\/product_cat?post=4580"},{"taxonomy":"product_tag","embeddable":true,"href":"https:\/\/madeirainvestment.org\/en\/wp-json\/wp\/v2\/product_tag?post=4580"}],"curies":[{"name":"wp","href":"https:\/\/api.w.org\/{rel}","templated":true}]}}