{"id":4583,"date":"2026-02-05T17:08:48","date_gmt":"2026-02-05T17:08:48","guid":{"rendered":"https:\/\/madeirainvestment.org\/?post_type=product&#038;p=4583"},"modified":"2026-02-05T17:08:55","modified_gmt":"2026-02-05T17:08:55","slug":"elaboracao-de-candidaturas-acesso-a-investimento-e-fundos-europeus","status":"publish","type":"product","link":"https:\/\/madeirainvestment.org\/en\/product\/elaboracao-de-candidaturas-acesso-a-investimento-e-fundos-europeus\/","title":{"rendered":"Elabora\u00e7\u00e3o de candidaturas &#8211; Acesso a Investimento e Fundos Europeus"},"content":{"rendered":"<h3 data-start=\"1259\" data-end=\"1272\">O que \u00e9<\/h3>\n<p data-start=\"1273\" data-end=\"1358\">Servi\u00e7o para startups e empresas que procuram financiamento e apoio para crescimento.<\/p>\n<h3 data-start=\"1360\" data-end=\"1376\">Pode incluir<\/h3>\n<ul data-start=\"1377\" data-end=\"1569\">\n<li data-start=\"1377\" data-end=\"1421\">\n<p data-start=\"1379\" data-end=\"1421\">Prepara\u00e7\u00e3o para capta\u00e7\u00e3o de investimento<\/p>\n<\/li>\n<li data-start=\"1422\" data-end=\"1458\">\n<p data-start=\"1424\" data-end=\"1458\">Identifica\u00e7\u00e3o de fundos europeus<\/p>\n<\/li>\n<li data-start=\"1459\" data-end=\"1491\">\n<p data-start=\"1461\" data-end=\"1491\">Estrutura\u00e7\u00e3o de candidaturas<\/p>\n<\/li>\n<li data-start=\"1492\" data-end=\"1530\">\n<p data-start=\"1494\" data-end=\"1530\">Liga\u00e7\u00e3o a investidores e parceiros<\/p>\n<\/li>\n<li data-start=\"1531\" data-end=\"1569\">\n<p data-start=\"1533\" data-end=\"1569\">Planeamento estrat\u00e9gico financeiro<\/p>\n<\/li>\n<\/ul>","protected":false},"excerpt":{"rendered":"<h3 data-start=\"1259\" data-end=\"1272\">O que \u00e9<\/h3>\n<p data-start=\"1273\" data-end=\"1358\">Servi\u00e7o para startups e empresas que procuram financiamento e apoio para crescimento.<\/p>\n<h3 data-start=\"1360\" data-end=\"1376\">Pode incluir<\/h3>\n<ul data-start=\"1377\" data-end=\"1569\">\n<li data-start=\"1377\" data-end=\"1421\">\n<p data-start=\"1379\" data-end=\"1421\">Prepara\u00e7\u00e3o para capta\u00e7\u00e3o de investimento<\/p>\n<\/li>\n<li data-start=\"1422\" data-end=\"1458\">\n<p data-start=\"1424\" data-end=\"1458\">Identifica\u00e7\u00e3o de fundos europeus<\/p>\n<\/li>\n<li data-start=\"1459\" data-end=\"1491\">\n<p data-start=\"1461\" data-end=\"1491\">Estrutura\u00e7\u00e3o de candidaturas<\/p>\n<\/li>\n<li data-start=\"1492\" data-end=\"1530\">\n<p data-start=\"1494\" data-end=\"1530\">Liga\u00e7\u00e3o a investidores e parceiros<\/p>\n<\/li>\n<li data-start=\"1531\" data-end=\"1569\">\n<p data-start=\"1533\" data-end=\"1569\">Planeamento estrat\u00e9gico financeiro<\/p>\n<\/li>\n<\/ul>","protected":false},"featured_media":4584,"template":"","meta":{"_et_pb_use_builder":"","_et_pb_old_content":"","_et_gb_content_width":"","content-type":""},"product_brand":[],"product_cat":[48],"product_tag":[],"class_list":{"0":"post-4583","1":"product","2":"type-product","3":"status-publish","4":"has-post-thumbnail","6":"product_cat-sem-categoria","8":"first","9":"instock","10":"virtual","11":"taxable","12":"purchasable","13":"product-type-simple"},"aioseo_notices":[],"_links":{"self":[{"href":"https:\/\/madeirainvestment.org\/en\/wp-json\/wp\/v2\/product\/4583","targetHints":{"allow":["GET"]}}],"collection":[{"href":"https:\/\/madeirainvestment.org\/en\/wp-json\/wp\/v2\/product"}],"about":[{"href":"https:\/\/madeirainvestment.org\/en\/wp-json\/wp\/v2\/types\/product"}],"wp:featuredmedia":[{"embeddable":true,"href":"https:\/\/madeirainvestment.org\/en\/wp-json\/wp\/v2\/media\/4584"}],"wp:attachment":[{"href":"https:\/\/madeirainvestment.org\/en\/wp-json\/wp\/v2\/media?parent=4583"}],"wp:term":[{"taxonomy":"product_brand","embeddable":true,"href":"https:\/\/madeirainvestment.org\/en\/wp-json\/wp\/v2\/product_brand?post=4583"},{"taxonomy":"product_cat","embeddable":true,"href":"https:\/\/madeirainvestment.org\/en\/wp-json\/wp\/v2\/product_cat?post=4583"},{"taxonomy":"product_tag","embeddable":true,"href":"https:\/\/madeirainvestment.org\/en\/wp-json\/wp\/v2\/product_tag?post=4583"}],"curies":[{"name":"wp","href":"https:\/\/api.w.org\/{rel}","templated":true}]}}