{"id":4585,"date":"2026-02-05T17:10:29","date_gmt":"2026-02-05T17:10:29","guid":{"rendered":"https:\/\/madeirainvestment.org\/?post_type=product&#038;p=4585"},"modified":"2026-02-05T17:10:29","modified_gmt":"2026-02-05T17:10:29","slug":"servico-de-otimizacao-fiscal-e-planeamento-internacional","status":"publish","type":"product","link":"https:\/\/madeirainvestment.org\/en\/product\/servico-de-otimizacao-fiscal-e-planeamento-internacional\/","title":{"rendered":"Servi\u00e7o de Otimiza\u00e7\u00e3o Fiscal e Planeamento Internacional"},"content":{"rendered":"<h3 data-start=\"1787\" data-end=\"1800\">O que \u00e9<\/h3>\n<p data-start=\"1801\" data-end=\"1903\">Servi\u00e7o direcionado a empresas e investidores que querem operar na Europa com maior efici\u00eancia fiscal.<\/p>\n<h3 data-start=\"1905\" data-end=\"1921\">Pode incluir<\/h3>\n<ul data-start=\"1922\" data-end=\"2161\">\n<li data-start=\"1922\" data-end=\"1958\">\n<p data-start=\"1924\" data-end=\"1958\">Planeamento fiscal internacional<\/p>\n<\/li>\n<li data-start=\"1959\" data-end=\"2013\">\n<p data-start=\"1961\" data-end=\"2013\">Estrutura\u00e7\u00e3o empresarial na Zona Franca da Madeira<\/p>\n<\/li>\n<li data-start=\"2014\" data-end=\"2054\">\n<p data-start=\"2016\" data-end=\"2054\">Compliance e acompanhamento jur\u00eddico<\/p>\n<\/li>\n<li data-start=\"2055\" data-end=\"2112\">\n<p data-start=\"2057\" data-end=\"2112\">Estrat\u00e9gias de mobilidade internacional de executivos<\/p>\n<\/li>\n<li data-start=\"2113\" data-end=\"2161\">\n<p data-start=\"2115\" data-end=\"2161\">Apoio a relocaliza\u00e7\u00e3o empresarial e familiar<\/p>\n<\/li>\n<\/ul>","protected":false},"excerpt":{"rendered":"<h3 data-start=\"1787\" data-end=\"1800\">O que \u00e9<\/h3>\n<p data-start=\"1801\" data-end=\"1903\">Servi\u00e7o direcionado a empresas e investidores que querem operar na Europa com maior efici\u00eancia fiscal.<\/p>\n<h3 data-start=\"1905\" data-end=\"1921\">Pode incluir<\/h3>\n<ul data-start=\"1922\" data-end=\"2161\">\n<li data-start=\"1922\" data-end=\"1958\">\n<p data-start=\"1924\" data-end=\"1958\">Planeamento fiscal internacional<\/p>\n<\/li>\n<li data-start=\"1959\" data-end=\"2013\">\n<p data-start=\"1961\" data-end=\"2013\">Estrutura\u00e7\u00e3o empresarial na Zona Franca da Madeira<\/p>\n<\/li>\n<li data-start=\"2014\" data-end=\"2054\">\n<p data-start=\"2016\" data-end=\"2054\">Compliance e acompanhamento jur\u00eddico<\/p>\n<\/li>\n<li data-start=\"2055\" data-end=\"2112\">\n<p data-start=\"2057\" data-end=\"2112\">Estrat\u00e9gias de mobilidade internacional de executivos<\/p>\n<\/li>\n<li data-start=\"2113\" data-end=\"2161\">\n<p data-start=\"2115\" data-end=\"2161\">Apoio a relocaliza\u00e7\u00e3o empresarial e familiar<\/p>\n<\/li>\n<\/ul>","protected":false},"featured_media":4586,"template":"","meta":{"_et_pb_use_builder":"","_et_pb_old_content":"","_et_gb_content_width":"","content-type":""},"product_brand":[],"product_cat":[48],"product_tag":[],"class_list":{"0":"post-4585","1":"product","2":"type-product","3":"status-publish","4":"has-post-thumbnail","6":"product_cat-sem-categoria","8":"first","9":"instock","10":"virtual","11":"taxable","12":"purchasable","13":"product-type-simple"},"aioseo_notices":[],"_links":{"self":[{"href":"https:\/\/madeirainvestment.org\/en\/wp-json\/wp\/v2\/product\/4585","targetHints":{"allow":["GET"]}}],"collection":[{"href":"https:\/\/madeirainvestment.org\/en\/wp-json\/wp\/v2\/product"}],"about":[{"href":"https:\/\/madeirainvestment.org\/en\/wp-json\/wp\/v2\/types\/product"}],"wp:featuredmedia":[{"embeddable":true,"href":"https:\/\/madeirainvestment.org\/en\/wp-json\/wp\/v2\/media\/4586"}],"wp:attachment":[{"href":"https:\/\/madeirainvestment.org\/en\/wp-json\/wp\/v2\/media?parent=4585"}],"wp:term":[{"taxonomy":"product_brand","embeddable":true,"href":"https:\/\/madeirainvestment.org\/en\/wp-json\/wp\/v2\/product_brand?post=4585"},{"taxonomy":"product_cat","embeddable":true,"href":"https:\/\/madeirainvestment.org\/en\/wp-json\/wp\/v2\/product_cat?post=4585"},{"taxonomy":"product_tag","embeddable":true,"href":"https:\/\/madeirainvestment.org\/en\/wp-json\/wp\/v2\/product_tag?post=4585"}],"curies":[{"name":"wp","href":"https:\/\/api.w.org\/{rel}","templated":true}]}}