{"id":4587,"date":"2026-02-05T17:11:42","date_gmt":"2026-02-05T17:11:42","guid":{"rendered":"https:\/\/madeirainvestment.org\/?post_type=product&#038;p=4587"},"modified":"2026-02-05T17:11:42","modified_gmt":"2026-02-05T17:11:42","slug":"programa-de-soft-landing-para-freelancers-e-nomadas-digitais","status":"publish","type":"product","link":"https:\/\/madeirainvestment.org\/en\/product\/programa-de-soft-landing-para-freelancers-e-nomadas-digitais\/","title":{"rendered":"Programa de Soft Landing para Freelancers e N\u00f3madas Digitais"},"content":{"rendered":"<h3 data-start=\"2384\" data-end=\"2397\">O que \u00e9<\/h3>\n<p data-start=\"2398\" data-end=\"2513\">Servi\u00e7o de apoio completo para profissionais internacionais que pretendem trabalhar ou testar neg\u00f3cios em Portugal.<\/p>\n<h3 data-start=\"2515\" data-end=\"2531\">Pode incluir<\/h3>\n<ul data-start=\"2532\" data-end=\"2747\">\n<li data-start=\"2532\" data-end=\"2578\">\n<p data-start=\"2534\" data-end=\"2578\">Solu\u00e7\u00f5es legais para fatura\u00e7\u00e3o em Portugal<\/p>\n<\/li>\n<li data-start=\"2579\" data-end=\"2613\">\n<p data-start=\"2581\" data-end=\"2613\">Escrit\u00f3rio virtual e coworking<\/p>\n<\/li>\n<li data-start=\"2614\" data-end=\"2663\">\n<p data-start=\"2616\" data-end=\"2663\">Integra\u00e7\u00e3o no ecossistema empresarial europeu<\/p>\n<\/li>\n<li data-start=\"2664\" data-end=\"2702\">\n<p data-start=\"2666\" data-end=\"2702\">Apoio administrativo e operacional<\/p>\n<\/li>\n<li data-start=\"2703\" data-end=\"2747\">\n<p data-start=\"2705\" data-end=\"2747\">Networking e desenvolvimento de neg\u00f3cios<\/p>\n<\/li>\n<\/ul>","protected":false},"excerpt":{"rendered":"<h3 data-start=\"2384\" data-end=\"2397\">O que \u00e9<\/h3>\n<p data-start=\"2398\" data-end=\"2513\">Servi\u00e7o de apoio completo para profissionais internacionais que pretendem trabalhar ou testar neg\u00f3cios em Portugal.<\/p>\n<h3 data-start=\"2515\" data-end=\"2531\">Pode incluir<\/h3>\n<ul data-start=\"2532\" data-end=\"2747\">\n<li data-start=\"2532\" data-end=\"2578\">\n<p data-start=\"2534\" data-end=\"2578\">Solu\u00e7\u00f5es legais para fatura\u00e7\u00e3o em Portugal<\/p>\n<\/li>\n<li data-start=\"2579\" data-end=\"2613\">\n<p data-start=\"2581\" data-end=\"2613\">Escrit\u00f3rio virtual e coworking<\/p>\n<\/li>\n<li data-start=\"2614\" data-end=\"2663\">\n<p data-start=\"2616\" data-end=\"2663\">Integra\u00e7\u00e3o no ecossistema empresarial europeu<\/p>\n<\/li>\n<li data-start=\"2664\" data-end=\"2702\">\n<p data-start=\"2666\" data-end=\"2702\">Apoio administrativo e operacional<\/p>\n<\/li>\n<li data-start=\"2703\" data-end=\"2747\">\n<p data-start=\"2705\" data-end=\"2747\">Networking e desenvolvimento de neg\u00f3cios<\/p>\n<\/li>\n<\/ul>","protected":false},"featured_media":4588,"template":"","meta":{"_et_pb_use_builder":"","_et_pb_old_content":"","_et_gb_content_width":"","content-type":""},"product_brand":[],"product_cat":[48],"product_tag":[],"class_list":{"0":"post-4587","1":"product","2":"type-product","3":"status-publish","4":"has-post-thumbnail","6":"product_cat-sem-categoria","8":"first","9":"instock","10":"virtual","11":"taxable","12":"purchasable","13":"product-type-simple"},"aioseo_notices":[],"_links":{"self":[{"href":"https:\/\/madeirainvestment.org\/en\/wp-json\/wp\/v2\/product\/4587","targetHints":{"allow":["GET"]}}],"collection":[{"href":"https:\/\/madeirainvestment.org\/en\/wp-json\/wp\/v2\/product"}],"about":[{"href":"https:\/\/madeirainvestment.org\/en\/wp-json\/wp\/v2\/types\/product"}],"wp:featuredmedia":[{"embeddable":true,"href":"https:\/\/madeirainvestment.org\/en\/wp-json\/wp\/v2\/media\/4588"}],"wp:attachment":[{"href":"https:\/\/madeirainvestment.org\/en\/wp-json\/wp\/v2\/media?parent=4587"}],"wp:term":[{"taxonomy":"product_brand","embeddable":true,"href":"https:\/\/madeirainvestment.org\/en\/wp-json\/wp\/v2\/product_brand?post=4587"},{"taxonomy":"product_cat","embeddable":true,"href":"https:\/\/madeirainvestment.org\/en\/wp-json\/wp\/v2\/product_cat?post=4587"},{"taxonomy":"product_tag","embeddable":true,"href":"https:\/\/madeirainvestment.org\/en\/wp-json\/wp\/v2\/product_tag?post=4587"}],"curies":[{"name":"wp","href":"https:\/\/api.w.org\/{rel}","templated":true}]}}